{"id":321,"date":"2020-04-08T15:08:25","date_gmt":"2020-04-08T15:08:25","guid":{"rendered":"http:\/\/main913485.dominiotemporario.com\/jtcsales\/?page_id=321"},"modified":"2022-07-29T16:19:42","modified_gmt":"2022-07-29T16:19:42","slug":"marflex-2","status":"publish","type":"page","link":"http:\/\/jtcsales.com.br\/?page_id=321","title":{"rendered":"MARFLEX"},"content":{"rendered":"\n<p>Marflex es una de las empresas de autopartes m\u00e1s respetadas en el mercado de accesorios en Brasil. Ubicada en Sao Paulo, capital, cuenta con m\u00e1s de 300 empleados y un parque de fabricaci\u00f3n de m\u00e1s de 9.000 metros cuadrados.<\/p>\n\n\n\n<p>Nuestros productos se fabrican de acuerdo con los originales de f\u00e1brica, en procesos de producci\u00f3n guiados por la m\u00e1s alta tecnolog\u00eda de vanguardia &#8211; tambi\u00e9n fabricamos herramientas utilizando m\u00e1quinas CNC y sistemas Cad\/Cam, pudiendo as\u00ed minimizar nuestros tiempos y simular nuestros productos a\u00fan en fase de dise\u00f1o.<\/p>\n\n\n\n<p>Nuestra gama de piezas incluye cables de velas, cubiertas distribuidoras, rotores y condensadores, bobinas de encendido de aceite, bobinas de encendido de pl\u00e1stico, interruptores , interruptores de luz de freno, interruptores de presi\u00f3n de aceite, alarmas de freno, sensores de temperatura, rel\u00e9s de bocina, rel\u00e9s de flash, rel\u00e9s auxiliares, cajas de fusibles, interruptores de cortes\u00eda, interruptores universales, interruptores de luz generales, interruptores de luz generales , cables de vela de silicone, botones de arranque y botones de bocina.<\/p>\n\n\n\n<div class=\"wp-block-columns is-layout-flex wp-container-core-columns-is-layout-9d6595d7 wp-block-columns-is-layout-flex\">\n<div class=\"wp-block-column is-layout-flow wp-block-column-is-layout-flow\" style=\"flex-basis:100%\">\n<div class=\"wp-block-columns is-layout-flex wp-container-core-columns-is-layout-9d6595d7 wp-block-columns-is-layout-flex\">\n<div class=\"wp-block-column is-layout-flow wp-block-column-is-layout-flow\" style=\"flex-basis:100%\" id=\"SENSOR\">\n<div class=\"wp-block-columns is-layout-flex wp-container-core-columns-is-layout-9d6595d7 wp-block-columns-is-layout-flex\">\n<div class=\"wp-block-column is-layout-flow wp-block-column-is-layout-flow\" style=\"flex-basis:100%\">\n<figure class=\"wp-block-table is-style-regular\"><table class=\"has-fixed-layout\"><tbody><tr><td class=\"has-text-align-center\" data-align=\"center\"><img loading=\"lazy\" decoding=\"async\" width=\"75\" height=\"75\" class=\"wp-image-330\" style=\"width: 75px;\" src=\"http:\/\/jtcsales.com.br\/wp-content\/uploads\/2020\/04\/MB-9207.png\" alt=\"\"><\/td><td class=\"has-text-align-center\" data-align=\"center\"><img loading=\"lazy\" decoding=\"async\" width=\"75\" height=\"75\" class=\"wp-image-329\" style=\"width: 75px;\" src=\"http:\/\/jtcsales.com.br\/wp-content\/uploads\/2020\/04\/MARFLEX-9000.png\" alt=\"\"><\/td><td class=\"has-text-align-center\" data-align=\"center\"><img loading=\"lazy\" decoding=\"async\" width=\"75\" height=\"75\" class=\"wp-image-328\" style=\"width: 75px;\" src=\"http:\/\/jtcsales.com.br\/wp-content\/uploads\/2020\/04\/GM-4100-4300-4200-4400-4500.png\" alt=\"\"><\/td><td class=\"has-text-align-center\" data-align=\"center\"><img loading=\"lazy\" decoding=\"async\" width=\"75\" height=\"75\" class=\"wp-image-327\" style=\"width: 75px;\" src=\"http:\/\/jtcsales.com.br\/wp-content\/uploads\/2020\/04\/7207.png\" alt=\"\"><\/td><td class=\"has-text-align-center\" data-align=\"center\"><img loading=\"lazy\" decoding=\"async\" width=\"75\" height=\"75\" class=\"wp-image-326\" style=\"width: 75px;\" src=\"http:\/\/jtcsales.com.br\/wp-content\/uploads\/2020\/04\/3041.png\" alt=\"\"><\/td><\/tr><tr><td class=\"has-text-align-center\" data-align=\"center\"><img loading=\"lazy\" decoding=\"async\" width=\"75\" height=\"75\" class=\"wp-image-324\" style=\"width: 75px;\" src=\"http:\/\/jtcsales.com.br\/wp-content\/uploads\/2020\/04\/2067.png\" alt=\"\"><\/td><td class=\"has-text-align-center\" data-align=\"center\"><img loading=\"lazy\" decoding=\"async\" width=\"75\" height=\"75\" class=\"wp-image-323\" style=\"width: 75px;\" src=\"http:\/\/jtcsales.com.br\/wp-content\/uploads\/2020\/04\/2061.png\" alt=\"\"><\/td><td class=\"has-text-align-center\" data-align=\"center\"><img loading=\"lazy\" decoding=\"async\" width=\"75\" height=\"75\" class=\"wp-image-322\" style=\"width: 75px;\" src=\"http:\/\/jtcsales.com.br\/wp-content\/uploads\/2020\/04\/MB-9500.png\" alt=\"\"><\/td><td class=\"has-text-align-center\" data-align=\"center\"><img loading=\"lazy\" decoding=\"async\" width=\"75\" height=\"75\" class=\"wp-image-229\" style=\"width: 75px;\" src=\"http:\/\/jtcsales.com.br\/wp-content\/uploads\/2020\/04\/T-12108.png\" alt=\"\"><\/td><td class=\"has-text-align-center\" data-align=\"center\"><img loading=\"lazy\" decoding=\"async\" width=\"75\" height=\"75\" class=\"wp-image-217\" style=\"width: 75px;\" src=\"http:\/\/main913485.dominiotemporario.com\/jtcsales\/wp-content\/uploads\/2020\/04\/7169.png\" alt=\"\"><img loading=\"lazy\" decoding=\"async\" width=\"75\" height=\"75\" class=\"wp-image-228\" style=\"width: 75px;\" src=\"http:\/\/jtcsales.com.br\/wp-content\/uploads\/2020\/04\/R-38770.png\" alt=\"\"><\/td><\/tr><tr><td class=\"has-text-align-center\" data-align=\"center\"><img loading=\"lazy\" decoding=\"async\" width=\"75\" height=\"75\" class=\"wp-image-227\" style=\"width: 75px;\" src=\"http:\/\/jtcsales.com.br\/wp-content\/uploads\/2020\/04\/MB-928088.png\" alt=\"\"><\/td><td class=\"has-text-align-center\" data-align=\"center\"><img loading=\"lazy\" decoding=\"async\" width=\"75\" height=\"75\" class=\"wp-image-226\" style=\"width: 75px;\" src=\"http:\/\/jtcsales.com.br\/wp-content\/uploads\/2020\/04\/MB-9214.png\" alt=\"\"><\/td><td class=\"has-text-align-center\" data-align=\"center\"><img loading=\"lazy\" decoding=\"async\" width=\"75\" height=\"75\" class=\"wp-image-225\" style=\"width: 75px;\" src=\"http:\/\/jtcsales.com.br\/wp-content\/uploads\/2020\/04\/MB-9004.png\" alt=\"\"><\/td><td class=\"has-text-align-center\" data-align=\"center\"><img loading=\"lazy\" decoding=\"async\" width=\"75\" height=\"75\" class=\"wp-image-224\" style=\"width: 75px;\" src=\"http:\/\/jtcsales.com.br\/wp-content\/uploads\/2020\/04\/MARFLEX-7583.png\" alt=\"\"><\/td><td class=\"has-text-align-center\" data-align=\"center\"><img loading=\"lazy\" decoding=\"async\" width=\"75\" height=\"75\" class=\"wp-image-223\" style=\"width: 75px;\" src=\"http:\/\/jtcsales.com.br\/wp-content\/uploads\/2020\/04\/MARFLEX-7472.png\" alt=\"\"><\/td><\/tr><tr><td class=\"has-text-align-center\" data-align=\"center\"><img loading=\"lazy\" decoding=\"async\" width=\"75\" height=\"75\" class=\"wp-image-222\" style=\"width: 75px;\" src=\"http:\/\/jtcsales.com.br\/wp-content\/uploads\/2020\/04\/MARFLEX-7411.png\" alt=\"\"><\/td><td class=\"has-text-align-center\" data-align=\"center\"><img loading=\"lazy\" decoding=\"async\" width=\"75\" height=\"75\" class=\"wp-image-220\" style=\"width: 75px;\" src=\"http:\/\/jtcsales.com.br\/wp-content\/uploads\/2020\/04\/19390.png\" alt=\"\"><\/td><td class=\"has-text-align-center\" data-align=\"center\"><img loading=\"lazy\" decoding=\"async\" width=\"75\" height=\"75\" class=\"wp-image-219\" style=\"width: 75px;\" src=\"http:\/\/jtcsales.com.br\/wp-content\/uploads\/2020\/04\/8920.png\" alt=\"\"><\/td><td class=\"has-text-align-center\" data-align=\"center\"><img loading=\"lazy\" decoding=\"async\" width=\"75\" height=\"75\" class=\"wp-image-218\" style=\"width: 75px;\" src=\"http:\/\/jtcsales.com.br\/wp-content\/uploads\/2020\/04\/8902.png\" alt=\"\"><\/td><td class=\"has-text-align-center\" data-align=\"center\"><img loading=\"lazy\" decoding=\"async\" width=\"75\" height=\"75\" class=\"wp-image-217\" style=\"width: 75px;\" src=\"http:\/\/jtcsales.com.br\/wp-content\/uploads\/2020\/04\/7169.png\" alt=\"\"><\/td><\/tr><\/tbody><\/table><figcaption><mark style=\"background-color:rgba(0, 0, 0, 0);color:#1b68ee\" class=\"has-inline-color\"><strong>CABOS INTERRUPTORES SENSORES BOBINAS CONDENSADORES RELES <\/strong><\/mark><\/figcaption><\/figure>\n<\/div>\n<\/div>\n<\/div>\n<\/div>\n<\/div>\n<\/div>\n\n\n\n<h1 class=\"has-text-align-center has-text-color wp-block-heading\" style=\"color:#0d60e6\"><a href=\"https:\/\/jtc.suasvendas.com\/catalogo\/MARFLEX\">VISITE NUESTRO E-COMMERCE<\/a><\/h1>\n\n\n\n<p><\/p>\n\n\n\n<p class=\"has-text-align-center has-text-color has-large-font-size\" style=\"color:#000fa3\">   <strong>VENTAS DIRECTO  DE FABRICA<\/strong><\/p>\n\n\n\n<p class=\"has-text-align-center has-text-color has-large-font-size\" style=\"color:#000fa3\">         PR<strong>ODUCTOS 100 % BRASILEIROS <\/strong> <\/p>\n\n\n\n<p class=\"has-text-align-center has-text-color has-medium-font-size\" style=\"color:#000fa3\"> <a rel=\"noreferrer noopener\" href=\"http:\/\/jtcsales.com.br\/?page_id=899\" data-type=\"URL\" data-id=\"http:\/\/jtcsales.com.br\/?page_id=899\" target=\"_blank\">EE.UU  AMERICA CENTRAL  MEXICO EUROPA ASIA  BOLIVIA   COLOMBIA  ECUADOR  PERU VENEZUELA<\/a><\/p>\n\n\n\n\n\n<p><\/p>\n","protected":false},"excerpt":{"rendered":"<p>Marflex es una de las empresas de autopartes m\u00e1s respetadas en el mercado de accesorios en Brasil. Ubicada en Sao Paulo, capital, cuenta con m\u00e1s de 300 empleados y un parque de fabricaci\u00f3n de m\u00e1s de 9.000 metros cuadrados. Nuestros productos se fabrican de acuerdo con los originales de f\u00e1brica, en procesos de producci\u00f3n guiados [&hellip;]<\/p>\n","protected":false},"author":1,"featured_media":0,"parent":0,"menu_order":0,"comment_status":"closed","ping_status":"closed","template":"templates\/template-page-full-width.php","meta":{"om_disable_all_campaigns":false,"_monsterinsights_skip_tracking":false,"_monsterinsights_sitenote_active":false,"_monsterinsights_sitenote_note":"","_monsterinsights_sitenote_category":0,"footnotes":""},"class_list":["post-321","page","type-page","status-publish","hentry"],"aioseo_notices":[],"_links":{"self":[{"href":"http:\/\/jtcsales.com.br\/index.php?rest_route=\/wp\/v2\/pages\/321","targetHints":{"allow":["GET"]}}],"collection":[{"href":"http:\/\/jtcsales.com.br\/index.php?rest_route=\/wp\/v2\/pages"}],"about":[{"href":"http:\/\/jtcsales.com.br\/index.php?rest_route=\/wp\/v2\/types\/page"}],"author":[{"embeddable":true,"href":"http:\/\/jtcsales.com.br\/index.php?rest_route=\/wp\/v2\/users\/1"}],"replies":[{"embeddable":true,"href":"http:\/\/jtcsales.com.br\/index.php?rest_route=%2Fwp%2Fv2%2Fcomments&post=321"}],"version-history":[{"count":1,"href":"http:\/\/jtcsales.com.br\/index.php?rest_route=\/wp\/v2\/pages\/321\/revisions"}],"predecessor-version":[{"id":1571,"href":"http:\/\/jtcsales.com.br\/index.php?rest_route=\/wp\/v2\/pages\/321\/revisions\/1571"}],"wp:attachment":[{"href":"http:\/\/jtcsales.com.br\/index.php?rest_route=%2Fwp%2Fv2%2Fmedia&parent=321"}],"curies":[{"name":"wp","href":"https:\/\/api.w.org\/{rel}","templated":true}]}}